{"id":840,"date":"2022-05-24T16:23:01","date_gmt":"2022-05-24T14:23:01","guid":{"rendered":"https:\/\/www.urodiagnostix.at\/?page_id=840"},"modified":"2024-07-01T11:22:00","modified_gmt":"2024-07-01T09:22:00","slug":"hos-geldin","status":"publish","type":"page","link":"https:\/\/www.urodiagnostix.at\/tr\/","title":{"rendered":"Ho\u015f geldin"},"content":{"rendered":"<p>Avusturya&#8217;n\u0131n ba\u015fkenti Viyana&#8217;da bulunan UrodiagnostiX, prostat sa\u011fl\u0131\u011f\u0131 hizmetleri konusunda uzmanla\u015fm\u0131\u015ft\u0131r. En son teknolojiye ve deneyimli uzmanlardan olu\u015fan bir ekibe sahip olan merkez, \u00f6ncelikle geli\u015fmi\u015f prostat biyopsileri ger\u00e7ekle\u015ftirmeye odaklanmaktad\u0131r.<\/p>\n<p>UrodiagnostiX, mikro-ultrason teknolojisini kullanarak prostat kanserinin tespiti i\u00e7in kesin ve do\u011fru biyopsiler sa\u011fl\u0131yor. Bu yenilik\u00e7i yakla\u015f\u0131m, te\u015fhis s\u00fcrecini iyile\u015ftirerek hastalara g\u00fcvenilir sonu\u00e7lar sunuyor.<\/p>\n<p>Randevu planlama ve sunulan hizmetler de dahil olmak \u00fczere UrodiagnostiX hakk\u0131nda daha fazla bilgi i\u00e7in ilgili taraflar do\u011frudan merkezle ileti\u015fime ge\u00e7ebilir. Randevular mesai saatleri i\u00e7inde telefonla veya e-posta yoluyla al\u0131nabilir. Prosed\u00fcrler, \u00fccretler ve s\u0131k\u00e7a sorulan sorular hakk\u0131nda ek bilgiler Almanca veya \u0130ngilizce olarak web sitelerinde mevcuttur.<\/p>\n<p>UrodiagnostiX, prostat sa\u011fl\u0131\u011f\u0131 i\u00e7in proaktif \u00f6nlemler almak isteyenlere kaliteli bak\u0131m ve destek sa\u011flamaya kendini adam\u0131\u015ft\u0131r.<\/p>\n<p>Avusturya&#8217;da ge\u00e7erli bir sigortas\u0131 olmayan hastalar i\u00e7in masraflar talep \u00fczerine temin edilebilir.<\/p>\n","protected":false},"excerpt":{"rendered":"<p>Avusturya&#8217;n\u0131n ba\u015fkenti Viyana&#8217;da bulunan UrodiagnostiX, prostat sa\u011fl\u0131\u011f\u0131 hizmetleri konusunda uzmanla\u015fm\u0131\u015ft\u0131r. En son teknolojiye ve deneyimli uzmanlardan olu\u015fan bir ekibe sahip olan merkez, \u00f6ncelikle geli\u015fmi\u015f prostat biyopsileri ger\u00e7ekle\u015ftirmeye odaklanmaktad\u0131r. UrodiagnostiX, mikro-ultrason teknolojisini kullanarak prostat kanserinin tespiti i\u00e7in kesin ve do\u011fru biyopsiler sa\u011fl\u0131yor. Bu yenilik\u00e7i yakla\u015f\u0131m, te\u015fhis s\u00fcrecini iyile\u015ftirerek hastalara g\u00fcvenilir sonu\u00e7lar sunuyor. Randevu planlama ve sunulan &#8230; <a title=\"Ho\u015f geldin\" class=\"read-more\" href=\"https:\/\/www.urodiagnostix.at\/tr\/\" aria-label=\"Read more about Ho\u015f geldin\">Devam\u0131n\u0131 oku<\/a><\/p>\n","protected":false},"author":2,"featured_media":0,"parent":0,"menu_order":0,"comment_status":"closed","ping_status":"closed","template":"","meta":{"_seopress_robots_primary_cat":"","_seopress_titles_title":"","_seopress_titles_desc":"","_seopress_robots_index":"","footnotes":""},"class_list":["post-840","page","type-page","status-publish"],"_links":{"self":[{"href":"https:\/\/www.urodiagnostix.at\/tr\/wp-json\/wp\/v2\/pages\/840","targetHints":{"allow":["GET"]}}],"collection":[{"href":"https:\/\/www.urodiagnostix.at\/tr\/wp-json\/wp\/v2\/pages"}],"about":[{"href":"https:\/\/www.urodiagnostix.at\/tr\/wp-json\/wp\/v2\/types\/page"}],"author":[{"embeddable":true,"href":"https:\/\/www.urodiagnostix.at\/tr\/wp-json\/wp\/v2\/users\/2"}],"replies":[{"embeddable":true,"href":"https:\/\/www.urodiagnostix.at\/tr\/wp-json\/wp\/v2\/comments?post=840"}],"version-history":[{"count":2,"href":"https:\/\/www.urodiagnostix.at\/tr\/wp-json\/wp\/v2\/pages\/840\/revisions"}],"predecessor-version":[{"id":854,"href":"https:\/\/www.urodiagnostix.at\/tr\/wp-json\/wp\/v2\/pages\/840\/revisions\/854"}],"wp:attachment":[{"href":"https:\/\/www.urodiagnostix.at\/tr\/wp-json\/wp\/v2\/media?parent=840"}],"curies":[{"name":"wp","href":"https:\/\/api.w.org\/{rel}","templated":true}]}}