{"id":682,"date":"2022-05-24T16:25:26","date_gmt":"2022-05-24T14:25:26","guid":{"rendered":"https:\/\/www.urodiagnostix.at\/impressum\/"},"modified":"2023-06-07T08:05:33","modified_gmt":"2023-06-07T06:05:33","slug":"impressum","status":"publish","type":"page","link":"https:\/\/www.urodiagnostix.at\/en\/impressum\/","title":{"rendered":"Imprint"},"content":{"rendered":"<p><strong>F\u00fcr den Inhalt verantwortlich: <\/strong><\/p>\n<p>UroDiagnostiX \u2013 Prostatabiopsie Zentrum Wien<\/p>\n<p>Wehlistra\u00dfe 150<br \/>\n1020 Wien, \u00d6sterreich<\/p>\n<h6>Tel: +43 677 61 09 03 08<\/h6>\n<h4>Copyright<\/h4>\n<p>Inhalt, Gestaltung und Daten dieser Website unterliegen dem Copyright. Reproduktion aller Inhalte ausschlie\u00dflich mit formeller Zustimmung durch www.urodiagnostix.at.<\/p>\n<h4>Disclaimer<\/h4>\n<p>F\u00fcr den Inhalt von externen Links \u00fcbernehmen wir keine Haftung.<\/p>\n","protected":false},"excerpt":{"rendered":"<p>F\u00fcr den Inhalt verantwortlich: UroDiagnostiX \u2013 Prostatabiopsie Zentrum Wien Wehlistra\u00dfe 150 1020 Wien, \u00d6sterreich Tel: +43 677 61 09 03 08 Copyright Inhalt, Gestaltung und Daten dieser Website unterliegen dem Copyright. Reproduktion aller Inhalte ausschlie\u00dflich mit formeller Zustimmung durch www.urodiagnostix.at. Disclaimer F\u00fcr den Inhalt von externen Links \u00fcbernehmen wir keine Haftung.<\/p>\n","protected":false},"author":1,"featured_media":0,"parent":0,"menu_order":0,"comment_status":"closed","ping_status":"closed","template":"","meta":{"_seopress_robots_primary_cat":"","_seopress_titles_title":"","_seopress_titles_desc":"","_seopress_robots_index":"","footnotes":""},"class_list":["post-682","page","type-page","status-publish"],"_links":{"self":[{"href":"https:\/\/www.urodiagnostix.at\/en\/wp-json\/wp\/v2\/pages\/682","targetHints":{"allow":["GET"]}}],"collection":[{"href":"https:\/\/www.urodiagnostix.at\/en\/wp-json\/wp\/v2\/pages"}],"about":[{"href":"https:\/\/www.urodiagnostix.at\/en\/wp-json\/wp\/v2\/types\/page"}],"author":[{"embeddable":true,"href":"https:\/\/www.urodiagnostix.at\/en\/wp-json\/wp\/v2\/users\/1"}],"replies":[{"embeddable":true,"href":"https:\/\/www.urodiagnostix.at\/en\/wp-json\/wp\/v2\/comments?post=682"}],"version-history":[{"count":1,"href":"https:\/\/www.urodiagnostix.at\/en\/wp-json\/wp\/v2\/pages\/682\/revisions"}],"predecessor-version":[{"id":684,"href":"https:\/\/www.urodiagnostix.at\/en\/wp-json\/wp\/v2\/pages\/682\/revisions\/684"}],"wp:attachment":[{"href":"https:\/\/www.urodiagnostix.at\/en\/wp-json\/wp\/v2\/media?parent=682"}],"curies":[{"name":"wp","href":"https:\/\/api.w.org\/{rel}","templated":true}]}}